{"id":73,"date":"2024-05-27T15:09:49","date_gmt":"2024-05-27T18:09:49","guid":{"rendered":"https:\/\/brazilgoodtrade.com.br\/?page_id=73"},"modified":"2024-05-27T15:20:42","modified_gmt":"2024-05-27T18:20:42","slug":"fabricas-em-santa-catarina","status":"publish","type":"page","link":"https:\/\/brazilgoodtrade.com.br\/es\/fabricas-em-santa-catarina\/","title":{"rendered":"F\u00e1bricas en Santa Catarina"},"content":{"rendered":"<p>Desarrollamos estudios para evaluar la factibilidad de instalaci\u00f3n de f\u00e1bricas extranjeras con el Gobierno del Estado de Santa Catarina.<\/p>\n<p>Santa Catarina ofrece buena infraestructura, log\u00edstica, mano de obra y tambi\u00e9n hay cooperaci\u00f3n del Gobierno del Estado, que ayuda a las organizaciones en cuestiones fiscales e incentivos.<\/p>","protected":false},"excerpt":{"rendered":"<p>Desenvolvemos os estudos para avaliar a viabilidade da instala\u00e7\u00e3o de f\u00e1bricas estrangeiras junto ao Governo do Estado de Santa Catarina. Santa Catarina oferece boa infraestrutura, log\u00edstica, m\u00e3o de obra e h\u00e1 ainda a coopera\u00e7\u00e3o do Governo do Estado, que auxilia as organiza\u00e7\u00f5es com as quest\u00f5es tribut\u00e1rias e os incentivos.<\/p>","protected":false},"author":1,"featured_media":78,"parent":0,"menu_order":0,"comment_status":"closed","ping_status":"closed","template":"pages.php","meta":{"footnotes":""},"class_list":["post-73","page","type-page","status-publish","has-post-thumbnail","hentry"],"_links":{"self":[{"href":"https:\/\/brazilgoodtrade.com.br\/es\/wp-json\/wp\/v2\/pages\/73","targetHints":{"allow":["GET"]}}],"collection":[{"href":"https:\/\/brazilgoodtrade.com.br\/es\/wp-json\/wp\/v2\/pages"}],"about":[{"href":"https:\/\/brazilgoodtrade.com.br\/es\/wp-json\/wp\/v2\/types\/page"}],"author":[{"embeddable":true,"href":"https:\/\/brazilgoodtrade.com.br\/es\/wp-json\/wp\/v2\/users\/1"}],"replies":[{"embeddable":true,"href":"https:\/\/brazilgoodtrade.com.br\/es\/wp-json\/wp\/v2\/comments?post=73"}],"version-history":[{"count":6,"href":"https:\/\/brazilgoodtrade.com.br\/es\/wp-json\/wp\/v2\/pages\/73\/revisions"}],"predecessor-version":[{"id":82,"href":"https:\/\/brazilgoodtrade.com.br\/es\/wp-json\/wp\/v2\/pages\/73\/revisions\/82"}],"wp:featuredmedia":[{"embeddable":true,"href":"https:\/\/brazilgoodtrade.com.br\/es\/wp-json\/wp\/v2\/media\/78"}],"wp:attachment":[{"href":"https:\/\/brazilgoodtrade.com.br\/es\/wp-json\/wp\/v2\/media?parent=73"}],"curies":[{"name":"wp","href":"https:\/\/api.w.org\/{rel}","templated":true}]}}