{"id":20,"date":"2024-05-13T18:32:46","date_gmt":"2024-05-13T21:32:46","guid":{"rendered":"https:\/\/brazilgoodtrade.com.br\/?page_id=20"},"modified":"2024-05-13T20:36:20","modified_gmt":"2024-05-13T23:36:20","slug":"importacao-e-exportacao","status":"publish","type":"page","link":"https:\/\/brazilgoodtrade.com.br\/es\/importacao-e-exportacao\/","title":{"rendered":"Importaci\u00f3n y exportaci\u00f3n"},"content":{"rendered":"<p><strong>PERSPECTIVAS<\/strong><br \/>\nProspecci\u00f3n de negocios y promoci\u00f3n de productos en Brasil y en el exterior.<\/p>\n<p><strong>NEGOCIACIONES<\/strong><br \/>\nNegociaci\u00f3n internacional y preparaci\u00f3n de propuestas.<\/p>\n<p><strong>TRANSPORTES<\/strong><br \/>\nContrataci\u00f3n de fletes, seguros y cobro de gastos de carga y descarga.<\/p>\n<p><strong>ADUANAS<\/strong><br \/>\nDespacho aduanero y seguimiento de embarque y desembarque.<\/p>\n<p><strong>INTERCAMBIO<\/strong><br \/>\nCierre de intercambio y env\u00edo de documentos al importador o proveedor.<\/p>","protected":false},"excerpt":{"rendered":"<p>PROSPEC\u00c7\u00d5ES Prospec\u00e7\u00e3o de neg\u00f3cios e promo\u00e7\u00e3o de produtos no Brasil e no exterior. NEGOCIA\u00c7\u00d5ES Negocia\u00e7\u00e3o internacional e elabora\u00e7\u00e3o de propostas. TRANSPORTES Contrata\u00e7\u00e3o de frete, seguro e levantamento de despesas de embarque e descarga. ADUANA Desembara\u00e7o aduaneiro e acompanhamento de embarque e desembarque. C\u00c2MBIO Fechamento de c\u00e2mbio e remessa de documentos ao importador ou fornecedor.<\/p>","protected":false},"author":1,"featured_media":48,"parent":0,"menu_order":0,"comment_status":"closed","ping_status":"closed","template":"pages.php","meta":{"footnotes":""},"class_list":["post-20","page","type-page","status-publish","has-post-thumbnail","hentry"],"_links":{"self":[{"href":"https:\/\/brazilgoodtrade.com.br\/es\/wp-json\/wp\/v2\/pages\/20","targetHints":{"allow":["GET"]}}],"collection":[{"href":"https:\/\/brazilgoodtrade.com.br\/es\/wp-json\/wp\/v2\/pages"}],"about":[{"href":"https:\/\/brazilgoodtrade.com.br\/es\/wp-json\/wp\/v2\/types\/page"}],"author":[{"embeddable":true,"href":"https:\/\/brazilgoodtrade.com.br\/es\/wp-json\/wp\/v2\/users\/1"}],"replies":[{"embeddable":true,"href":"https:\/\/brazilgoodtrade.com.br\/es\/wp-json\/wp\/v2\/comments?post=20"}],"version-history":[{"count":2,"href":"https:\/\/brazilgoodtrade.com.br\/es\/wp-json\/wp\/v2\/pages\/20\/revisions"}],"predecessor-version":[{"id":63,"href":"https:\/\/brazilgoodtrade.com.br\/es\/wp-json\/wp\/v2\/pages\/20\/revisions\/63"}],"wp:featuredmedia":[{"embeddable":true,"href":"https:\/\/brazilgoodtrade.com.br\/es\/wp-json\/wp\/v2\/media\/48"}],"wp:attachment":[{"href":"https:\/\/brazilgoodtrade.com.br\/es\/wp-json\/wp\/v2\/media?parent=20"}],"curies":[{"name":"wp","href":"https:\/\/api.w.org\/{rel}","templated":true}]}}