{"id":18,"date":"2024-05-13T18:32:18","date_gmt":"2024-05-13T21:32:18","guid":{"rendered":"https:\/\/brazilgoodtrade.com.br\/?page_id=18"},"modified":"2024-05-22T10:48:24","modified_gmt":"2024-05-22T13:48:24","slug":"bgt-brazil-good-trade","status":"publish","type":"page","link":"https:\/\/brazilgoodtrade.com.br\/es\/bgt-brazil-good-trade\/","title":{"rendered":"Brazil Good Trade"},"content":{"rendered":"<p>Brazil GoodTrade cuenta con un equipo de profesionales con s\u00f3lida experiencia en Comercio Exterior, adem\u00e1s de visi\u00f3n estrat\u00e9gica y compromiso con la calidad de los servicios prestados.<\/p>\n<p>Nuestra misi\u00f3n es posibilitar los negocios internacionales, guiando a nuestros clientes a trav\u00e9s de procedimientos adecuados, de manera clara y objetiva, en todos los modelos de importaci\u00f3n y exportaci\u00f3n.<\/p>\n<p>Nuestra organizaci\u00f3n brinda consultor\u00eda desde hace m\u00e1s de una d\u00e9cada a empresas reconocidas en el mercado nacional e internacional, habiendo ganado casos en los segmentos de exportaci\u00f3n, importaci\u00f3n y tributaci\u00f3n.<\/p>\n<p>Contamos con profesionales cualificados y de contrastada experiencia en todos los \u00e1mbitos del Comercio Exterior.<\/p>","protected":false},"excerpt":{"rendered":"<p>A Brazil GoodTrade conta com uma equipe de profissionais com s\u00f3lida experi\u00eancia em Com\u00e9rcio Exterior, al\u00e9m de vis\u00e3o estrat\u00e9gica e comprometimento com a qualidade dos servi\u00e7os prestados. Nossa miss\u00e3o \u00e9 viabilizar neg\u00f3cios internacionais, orientando nossos clientes atrav\u00e9s de procedimentos adequados, de forma clara e objetiva, em todos os modelos de importa\u00e7\u00e3o e exporta\u00e7\u00e3o. Nossa organiza\u00e7\u00e3o [&hellip;]<\/p>","protected":false},"author":1,"featured_media":56,"parent":0,"menu_order":0,"comment_status":"closed","ping_status":"closed","template":"pages.php","meta":{"footnotes":""},"class_list":["post-18","page","type-page","status-publish","has-post-thumbnail","hentry"],"_links":{"self":[{"href":"https:\/\/brazilgoodtrade.com.br\/es\/wp-json\/wp\/v2\/pages\/18","targetHints":{"allow":["GET"]}}],"collection":[{"href":"https:\/\/brazilgoodtrade.com.br\/es\/wp-json\/wp\/v2\/pages"}],"about":[{"href":"https:\/\/brazilgoodtrade.com.br\/es\/wp-json\/wp\/v2\/types\/page"}],"author":[{"embeddable":true,"href":"https:\/\/brazilgoodtrade.com.br\/es\/wp-json\/wp\/v2\/users\/1"}],"replies":[{"embeddable":true,"href":"https:\/\/brazilgoodtrade.com.br\/es\/wp-json\/wp\/v2\/comments?post=18"}],"version-history":[{"count":4,"href":"https:\/\/brazilgoodtrade.com.br\/es\/wp-json\/wp\/v2\/pages\/18\/revisions"}],"predecessor-version":[{"id":70,"href":"https:\/\/brazilgoodtrade.com.br\/es\/wp-json\/wp\/v2\/pages\/18\/revisions\/70"}],"wp:featuredmedia":[{"embeddable":true,"href":"https:\/\/brazilgoodtrade.com.br\/es\/wp-json\/wp\/v2\/media\/56"}],"wp:attachment":[{"href":"https:\/\/brazilgoodtrade.com.br\/es\/wp-json\/wp\/v2\/media?parent=18"}],"curies":[{"name":"wp","href":"https:\/\/api.w.org\/{rel}","templated":true}]}}