{"id":16,"date":"2024-05-13T18:31:49","date_gmt":"2024-05-13T21:31:49","guid":{"rendered":"https:\/\/brazilgoodtrade.com.br\/?page_id=16"},"modified":"2024-05-22T10:57:19","modified_gmt":"2024-05-22T13:57:19","slug":"assessoria-tributaria","status":"publish","type":"page","link":"https:\/\/brazilgoodtrade.com.br\/es\/assessoria-tributaria\/","title":{"rendered":"Asesor\u00eda fiscal"},"content":{"rendered":"<p>Evaluamos y estructuramos la viabilidad de su importaci\u00f3n utilizando reg\u00edmenes especiales de Santa Catarina.<\/p>","protected":false},"excerpt":{"rendered":"<p>Evaluamos y estructuramos la viabilidad de su importaci\u00f3n utilizando reg\u00edmenes especiales de Santa Catarina.<\/p>","protected":false},"author":1,"featured_media":53,"parent":0,"menu_order":0,"comment_status":"closed","ping_status":"closed","template":"pages.php","meta":{"footnotes":""},"class_list":["post-16","page","type-page","status-publish","has-post-thumbnail","hentry"],"_links":{"self":[{"href":"https:\/\/brazilgoodtrade.com.br\/es\/wp-json\/wp\/v2\/pages\/16","targetHints":{"allow":["GET"]}}],"collection":[{"href":"https:\/\/brazilgoodtrade.com.br\/es\/wp-json\/wp\/v2\/pages"}],"about":[{"href":"https:\/\/brazilgoodtrade.com.br\/es\/wp-json\/wp\/v2\/types\/page"}],"author":[{"embeddable":true,"href":"https:\/\/brazilgoodtrade.com.br\/es\/wp-json\/wp\/v2\/users\/1"}],"replies":[{"embeddable":true,"href":"https:\/\/brazilgoodtrade.com.br\/es\/wp-json\/wp\/v2\/comments?post=16"}],"version-history":[{"count":3,"href":"https:\/\/brazilgoodtrade.com.br\/es\/wp-json\/wp\/v2\/pages\/16\/revisions"}],"predecessor-version":[{"id":72,"href":"https:\/\/brazilgoodtrade.com.br\/es\/wp-json\/wp\/v2\/pages\/16\/revisions\/72"}],"wp:featuredmedia":[{"embeddable":true,"href":"https:\/\/brazilgoodtrade.com.br\/es\/wp-json\/wp\/v2\/media\/53"}],"wp:attachment":[{"href":"https:\/\/brazilgoodtrade.com.br\/es\/wp-json\/wp\/v2\/media?parent=16"}],"curies":[{"name":"wp","href":"https:\/\/api.w.org\/{rel}","templated":true}]}}