{"id":14,"date":"2024-05-13T18:29:32","date_gmt":"2024-05-13T21:29:32","guid":{"rendered":"https:\/\/brazilgoodtrade.com.br\/?page_id=14"},"modified":"2024-05-13T20:32:22","modified_gmt":"2024-05-13T23:32:22","slug":"assessoria-aduaneira","status":"publish","type":"page","link":"https:\/\/brazilgoodtrade.com.br\/es\/assessoria-aduaneira\/","title":{"rendered":"Asesor\u00eda Aduanera"},"content":{"rendered":"<p><strong>CLASIFICACI\u00d3N FISCAL<\/strong><br \/>\nProyecci\u00f3n de costos de operaci\u00f3n y an\u00e1lisis de clasificaci\u00f3n fiscal de mercanc\u00edas.<\/p>\n<p><strong>LICENCIAS Y DECLARACIONES<\/strong><br \/>\nDespacho aduanero con elaboraci\u00f3n y registro de licencias de declaraci\u00f3n (LI, DI, RE, SD).<\/p>\n<p><strong>AN\u00c1LISIS DE INTERCAMBIO<\/strong><br \/>\nCierre de cambios y an\u00e1lisis de cartas de cr\u00e9dito.<\/p>\n<p><strong>SEGUROS E INSPECCIONES<\/strong><br \/>\nSeguimiento de inspecciones aduaneras y visados \u200b\u200bde seguros.<\/p>\n<p><strong>DOCUMENTACI\u00d3N Y CERTIFICADOS<\/strong><br \/>\nAn\u00e1lisis de documentos para importaciones y preparaci\u00f3n de documentos para exportaciones.<\/p>","protected":false},"excerpt":{"rendered":"<p>CLASSIFICA\u00c7\u00c3O FISCAL Proje\u00e7\u00e3o de custos operacionais e an\u00e1lise de classifica\u00e7\u00e3o fiscal de mercadorias. LICEN\u00c7AS E DECLARA\u00c7\u00d5ES Desembara\u00e7o aduaneiro com elabora\u00e7\u00e3o e registro de licen\u00e7as de declara\u00e7\u00f5es (LI, DI, RE, SD). AN\u00c1LISE CAMBIAL Fechamento de c\u00e2mbio e an\u00e1lises de cartas de cr\u00e9dito. SEGUROS E VISTORIAS Acompanhamento de vistorias aduaneiras e averba\u00e7\u00e3o de seguros. DOCUMENTA\u00c7\u00c3O E CERTIFICADOS [&hellip;]<\/p>","protected":false},"author":1,"featured_media":55,"parent":0,"menu_order":0,"comment_status":"closed","ping_status":"closed","template":"pages.php","meta":{"footnotes":""},"class_list":["post-14","page","type-page","status-publish","has-post-thumbnail","hentry"],"_links":{"self":[{"href":"https:\/\/brazilgoodtrade.com.br\/es\/wp-json\/wp\/v2\/pages\/14","targetHints":{"allow":["GET"]}}],"collection":[{"href":"https:\/\/brazilgoodtrade.com.br\/es\/wp-json\/wp\/v2\/pages"}],"about":[{"href":"https:\/\/brazilgoodtrade.com.br\/es\/wp-json\/wp\/v2\/types\/page"}],"author":[{"embeddable":true,"href":"https:\/\/brazilgoodtrade.com.br\/es\/wp-json\/wp\/v2\/users\/1"}],"replies":[{"embeddable":true,"href":"https:\/\/brazilgoodtrade.com.br\/es\/wp-json\/wp\/v2\/comments?post=14"}],"version-history":[{"count":3,"href":"https:\/\/brazilgoodtrade.com.br\/es\/wp-json\/wp\/v2\/pages\/14\/revisions"}],"predecessor-version":[{"id":58,"href":"https:\/\/brazilgoodtrade.com.br\/es\/wp-json\/wp\/v2\/pages\/14\/revisions\/58"}],"wp:featuredmedia":[{"embeddable":true,"href":"https:\/\/brazilgoodtrade.com.br\/es\/wp-json\/wp\/v2\/media\/55"}],"wp:attachment":[{"href":"https:\/\/brazilgoodtrade.com.br\/es\/wp-json\/wp\/v2\/media?parent=14"}],"curies":[{"name":"wp","href":"https:\/\/api.w.org\/{rel}","templated":true}]}}