{"id":24,"date":"2024-05-13T18:33:39","date_gmt":"2024-05-13T21:33:39","guid":{"rendered":"https:\/\/brazilgoodtrade.com.br\/?page_id=24"},"modified":"2024-05-13T20:38:23","modified_gmt":"2024-05-13T23:38:23","slug":"terceirizacao-de-departamentos","status":"publish","type":"page","link":"https:\/\/brazilgoodtrade.com.br\/en\/terceirizacao-de-departamentos\/","title":{"rendered":"Department Outsourcing"},"content":{"rendered":"<p><strong>COMMERCIAL DEPARTMENT<\/strong><br \/>\nClient prospecting and international negotiations.<\/p>\n<p><strong>DOCUMENTARY DEPARTMENT<\/strong><br \/>\nConference and registration of documents, process management with consenting bodies.<\/p>\n<p><strong>OPERATIONAL DEPARTMENT<\/strong><br \/>\nCoordination of loading, unloading and storage.<\/p>\n<p><strong>LOGISTICS DEPARTMENT<\/strong><br \/>\nManagement of national and international freight and storage warehouses.<\/p>","protected":false},"excerpt":{"rendered":"<p>DEPARTAMENTO COMERCIAL Prospec\u00e7\u00e3o de clientes e negocia\u00e7\u00f5es internacionais. DEPARTAMENTO DOCUMENTAL Confer\u00eancia e registro de documentos, gest\u00e3o de processos junto aos \u00f3rg\u00e3os anuentes. DEPARTAMENTO OPERACIONAL Coordena\u00e7\u00e3o de embarques, descargas e armazenagens. DEPARTAMENTO DE LOG\u00cdSTICA Gest\u00e3o de fretes nacionais, internacionais e entrepostos de armazenagem.<\/p>","protected":false},"author":1,"featured_media":49,"parent":0,"menu_order":0,"comment_status":"closed","ping_status":"closed","template":"pages.php","meta":{"footnotes":""},"class_list":["post-24","page","type-page","status-publish","has-post-thumbnail","hentry"],"_links":{"self":[{"href":"https:\/\/brazilgoodtrade.com.br\/en\/wp-json\/wp\/v2\/pages\/24","targetHints":{"allow":["GET"]}}],"collection":[{"href":"https:\/\/brazilgoodtrade.com.br\/en\/wp-json\/wp\/v2\/pages"}],"about":[{"href":"https:\/\/brazilgoodtrade.com.br\/en\/wp-json\/wp\/v2\/types\/page"}],"author":[{"embeddable":true,"href":"https:\/\/brazilgoodtrade.com.br\/en\/wp-json\/wp\/v2\/users\/1"}],"replies":[{"embeddable":true,"href":"https:\/\/brazilgoodtrade.com.br\/en\/wp-json\/wp\/v2\/comments?post=24"}],"version-history":[{"count":2,"href":"https:\/\/brazilgoodtrade.com.br\/en\/wp-json\/wp\/v2\/pages\/24\/revisions"}],"predecessor-version":[{"id":66,"href":"https:\/\/brazilgoodtrade.com.br\/en\/wp-json\/wp\/v2\/pages\/24\/revisions\/66"}],"wp:featuredmedia":[{"embeddable":true,"href":"https:\/\/brazilgoodtrade.com.br\/en\/wp-json\/wp\/v2\/media\/49"}],"wp:attachment":[{"href":"https:\/\/brazilgoodtrade.com.br\/en\/wp-json\/wp\/v2\/media?parent=24"}],"curies":[{"name":"wp","href":"https:\/\/api.w.org\/{rel}","templated":true}]}}