{"id":22,"date":"2024-05-13T18:33:11","date_gmt":"2024-05-13T21:33:11","guid":{"rendered":"https:\/\/brazilgoodtrade.com.br\/?page_id=22"},"modified":"2024-05-22T10:49:54","modified_gmt":"2024-05-22T13:49:54","slug":"logistica-completa","status":"publish","type":"page","link":"https:\/\/brazilgoodtrade.com.br\/en\/logistica-completa\/","title":{"rendered":"Complete Logistics"},"content":{"rendered":"<p>We quote international freight and negotiate the best conditions for your company, from shipment at origin to negotiation with ports and other participants in the process at the destination of your merchandise.<\/p>\n<p>We have experience in transporting special cargo, as well as in the logistics of machinery and equipment for your company's fixed assets.<\/p>","protected":false},"excerpt":{"rendered":"<p>Realizamos a cota\u00e7\u00e3o de fretes internacionais e negociamos a melhor condi\u00e7\u00e3o para a sua empresa, desde o embarque na origem at\u00e9 a negocia\u00e7\u00e3o com os portos e demais intervenientes do processo no destino da sua mercadoria. Possu\u00edmos experi\u00eancia no transporte de cargas especiais, assim como na log\u00edstica de m\u00e1quinas e equipamentos para o imobilizado de [&hellip;]<\/p>","protected":false},"author":1,"featured_media":54,"parent":0,"menu_order":0,"comment_status":"closed","ping_status":"closed","template":"pages.php","meta":{"footnotes":""},"class_list":["post-22","page","type-page","status-publish","has-post-thumbnail","hentry"],"_links":{"self":[{"href":"https:\/\/brazilgoodtrade.com.br\/en\/wp-json\/wp\/v2\/pages\/22","targetHints":{"allow":["GET"]}}],"collection":[{"href":"https:\/\/brazilgoodtrade.com.br\/en\/wp-json\/wp\/v2\/pages"}],"about":[{"href":"https:\/\/brazilgoodtrade.com.br\/en\/wp-json\/wp\/v2\/types\/page"}],"author":[{"embeddable":true,"href":"https:\/\/brazilgoodtrade.com.br\/en\/wp-json\/wp\/v2\/users\/1"}],"replies":[{"embeddable":true,"href":"https:\/\/brazilgoodtrade.com.br\/en\/wp-json\/wp\/v2\/comments?post=22"}],"version-history":[{"count":3,"href":"https:\/\/brazilgoodtrade.com.br\/en\/wp-json\/wp\/v2\/pages\/22\/revisions"}],"predecessor-version":[{"id":71,"href":"https:\/\/brazilgoodtrade.com.br\/en\/wp-json\/wp\/v2\/pages\/22\/revisions\/71"}],"wp:featuredmedia":[{"embeddable":true,"href":"https:\/\/brazilgoodtrade.com.br\/en\/wp-json\/wp\/v2\/media\/54"}],"wp:attachment":[{"href":"https:\/\/brazilgoodtrade.com.br\/en\/wp-json\/wp\/v2\/media?parent=22"}],"curies":[{"name":"wp","href":"https:\/\/api.w.org\/{rel}","templated":true}]}}