{"id":14,"date":"2024-05-13T18:29:32","date_gmt":"2024-05-13T21:29:32","guid":{"rendered":"https:\/\/brazilgoodtrade.com.br\/?page_id=14"},"modified":"2024-05-13T20:32:22","modified_gmt":"2024-05-13T23:32:22","slug":"assessoria-aduaneira","status":"publish","type":"page","link":"https:\/\/brazilgoodtrade.com.br\/en\/assessoria-aduaneira\/","title":{"rendered":"Customs Advisory"},"content":{"rendered":"<p><strong>TAX CLASSIFICATION<\/strong><br \/>\nProjection of operating costs and analysis of tax classification of goods.<\/p>\n<p><strong>LICENSES AND DECLARATIONS<\/strong><br \/>\nCustoms clearance with preparation and registration of declaration licenses (LI, DI, RE, SD).<\/p>\n<p><strong>EXCHANGE ANALYSIS<\/strong><br \/>\nExchange closing and letter of credit analysis.<\/p>\n<p><strong>INSURANCE AND INSPECTIONS<\/strong><br \/>\nMonitoring customs inspections and insurance endorsements.<\/p>\n<p><strong>DOCUMENTATION AND CERTIFICATES<\/strong><br \/>\nAnalysis of documents for imports and preparation of documents for exports.<\/p>","protected":false},"excerpt":{"rendered":"<p>CLASSIFICA\u00c7\u00c3O FISCAL Proje\u00e7\u00e3o de custos operacionais e an\u00e1lise de classifica\u00e7\u00e3o fiscal de mercadorias. LICEN\u00c7AS E DECLARA\u00c7\u00d5ES Desembara\u00e7o aduaneiro com elabora\u00e7\u00e3o e registro de licen\u00e7as de declara\u00e7\u00f5es (LI, DI, RE, SD). AN\u00c1LISE CAMBIAL Fechamento de c\u00e2mbio e an\u00e1lises de cartas de cr\u00e9dito. SEGUROS E VISTORIAS Acompanhamento de vistorias aduaneiras e averba\u00e7\u00e3o de seguros. DOCUMENTA\u00c7\u00c3O E CERTIFICADOS [&hellip;]<\/p>","protected":false},"author":1,"featured_media":55,"parent":0,"menu_order":0,"comment_status":"closed","ping_status":"closed","template":"pages.php","meta":{"footnotes":""},"class_list":["post-14","page","type-page","status-publish","has-post-thumbnail","hentry"],"_links":{"self":[{"href":"https:\/\/brazilgoodtrade.com.br\/en\/wp-json\/wp\/v2\/pages\/14","targetHints":{"allow":["GET"]}}],"collection":[{"href":"https:\/\/brazilgoodtrade.com.br\/en\/wp-json\/wp\/v2\/pages"}],"about":[{"href":"https:\/\/brazilgoodtrade.com.br\/en\/wp-json\/wp\/v2\/types\/page"}],"author":[{"embeddable":true,"href":"https:\/\/brazilgoodtrade.com.br\/en\/wp-json\/wp\/v2\/users\/1"}],"replies":[{"embeddable":true,"href":"https:\/\/brazilgoodtrade.com.br\/en\/wp-json\/wp\/v2\/comments?post=14"}],"version-history":[{"count":3,"href":"https:\/\/brazilgoodtrade.com.br\/en\/wp-json\/wp\/v2\/pages\/14\/revisions"}],"predecessor-version":[{"id":58,"href":"https:\/\/brazilgoodtrade.com.br\/en\/wp-json\/wp\/v2\/pages\/14\/revisions\/58"}],"wp:featuredmedia":[{"embeddable":true,"href":"https:\/\/brazilgoodtrade.com.br\/en\/wp-json\/wp\/v2\/media\/55"}],"wp:attachment":[{"href":"https:\/\/brazilgoodtrade.com.br\/en\/wp-json\/wp\/v2\/media?parent=14"}],"curies":[{"name":"wp","href":"https:\/\/api.w.org\/{rel}","templated":true}]}}